{"id":1237,"date":"2024-01-25T13:18:29","date_gmt":"2024-01-25T12:18:29","guid":{"rendered":"https:\/\/www.perlentor-ev.org\/?page_id=1237"},"modified":"2024-09-04T14:27:36","modified_gmt":"2024-09-04T12:27:36","slug":"povertyprostitution","status":"publish","type":"page","link":"https:\/\/www.perlentor-ev.org\/en\/povertyprostitution\/","title":{"rendered":"Povertyprostitution"},"content":{"rendered":"<p><div class=\"fusion-fullwidth fullwidth-box fusion-builder-row-1 fusion-flex-container has-pattern-background has-mask-background hundred-percent-fullwidth non-hundred-percent-height-scrolling\" style=\"--awb-border-radius-top-left:0px;--awb-border-radius-top-right:0px;--awb-border-radius-bottom-right:0px;--awb-border-radius-bottom-left:0px;--awb-padding-top:0px;--awb-padding-right:0px;--awb-padding-bottom:0px;--awb-padding-left:0px;--awb-background-color:var(--awb-color2);--awb-flex-wrap:wrap;\" ><div class=\"fusion-builder-row fusion-row fusion-flex-align-items-center fusion-flex-content-wrap\" style=\"width:106% !important;max-width:106% !important;margin-left: calc(-6% \/ 2 );margin-right: calc(-6% \/ 2 );\"><div class=\"fusion-layout-column fusion_builder_column fusion-builder-column-0 fusion_builder_column_3_5 3_5 fusion-flex-column\" style=\"--awb-bg-size:cover;--awb-width-large:60%;--awb-margin-top-large:0px;--awb-spacing-right-large:4.7%;--awb-margin-bottom-large:0px;--awb-spacing-left-large:4.7%;--awb-width-medium:50%;--awb-order-medium:0;--awb-spacing-right-medium:5.64%;--awb-spacing-left-medium:5.64%;--awb-width-small:100%;--awb-order-small:0;--awb-spacing-right-small:2.82%;--awb-spacing-left-small:2.82%;\" data-scroll-devices=\"small-visibility,medium-visibility,large-visibility\"><div class=\"fusion-column-wrapper fusion-column-has-shadow fusion-flex-justify-content-flex-start fusion-content-layout-column\"><div class=\"fusion-image-element \" style=\"--awb-aspect-ratio:16 \/ 9;--awb-caption-title-font-family:var(--h2_typography-font-family);--awb-caption-title-font-weight:var(--h2_typography-font-weight);--awb-caption-title-font-style:var(--h2_typography-font-style);--awb-caption-title-size:var(--h2_typography-font-size);--awb-caption-title-transform:var(--h2_typography-text-transform);--awb-caption-title-line-height:var(--h2_typography-line-height);--awb-caption-title-letter-spacing:var(--h2_typography-letter-spacing);\"><span class=\" fusion-imageframe imageframe-none imageframe-1 hover-type-none has-aspect-ratio\"><img decoding=\"async\" width=\"1280\" height=\"853\" alt=\"Perlentor Hilfe f\u00fcr Frauen in M\u00fcnchen\" src=\"https:\/\/www.perlentor-ev.org\/wp-content\/uploads\/2024\/01\/perlentor-hilfe-frauen-muenchen.jpg\" data-orig-src=\"https:\/\/www.perlentor-ev.org\/wp-content\/uploads\/2024\/01\/perlentor-hilfe-frauen-muenchen.jpg\" class=\"lazyload img-responsive wp-image-1044 img-with-aspect-ratio\" data-parent-fit=\"cover\" data-parent-container=\".fusion-image-element\" srcset=\"data:image\/svg+xml,%3Csvg%20xmlns%3D%27http%3A%2F%2Fwww.w3.org%2F2000%2Fsvg%27%20width%3D%271280%27%20height%3D%27853%27%20viewBox%3D%270%200%201280%20853%27%3E%3Crect%20width%3D%271280%27%20height%3D%27853%27%20fill-opacity%3D%220%22%2F%3E%3C%2Fsvg%3E\" data-srcset=\"https:\/\/www.perlentor-ev.org\/wp-content\/uploads\/2024\/01\/perlentor-hilfe-frauen-muenchen-200x133.jpg 200w, https:\/\/www.perlentor-ev.org\/wp-content\/uploads\/2024\/01\/perlentor-hilfe-frauen-muenchen-400x267.jpg 400w, https:\/\/www.perlentor-ev.org\/wp-content\/uploads\/2024\/01\/perlentor-hilfe-frauen-muenchen-600x400.jpg 600w, https:\/\/www.perlentor-ev.org\/wp-content\/uploads\/2024\/01\/perlentor-hilfe-frauen-muenchen-800x533.jpg 800w, https:\/\/www.perlentor-ev.org\/wp-content\/uploads\/2024\/01\/perlentor-hilfe-frauen-muenchen-1200x800.jpg 1200w, https:\/\/www.perlentor-ev.org\/wp-content\/uploads\/2024\/01\/perlentor-hilfe-frauen-muenchen.jpg 1280w\" data-sizes=\"auto\" data-orig-sizes=\"(max-width: 800px) 100vw, 800px\" \/><\/span><\/div><\/div><\/div><div class=\"fusion-layout-column fusion_builder_column fusion-builder-column-1 fusion_builder_column_2_5 2_5 fusion-flex-column\" style=\"--awb-padding-top:5%;--awb-padding-right:5%;--awb-padding-bottom:5%;--awb-padding-left:5%;--awb-bg-size:cover;--awb-width-large:40%;--awb-margin-top-large:0px;--awb-spacing-right-large:7.05%;--awb-margin-bottom-large:0px;--awb-spacing-left-large:7.05%;--awb-width-medium:50%;--awb-order-medium:0;--awb-spacing-right-medium:5.64%;--awb-spacing-left-medium:5.64%;--awb-width-small:100%;--awb-order-small:0;--awb-spacing-right-small:2.82%;--awb-spacing-left-small:2.82%;\" data-scroll-devices=\"small-visibility,medium-visibility,large-visibility\"><div class=\"fusion-column-wrapper fusion-column-has-shadow fusion-flex-justify-content-flex-start fusion-content-layout-column\"><div class=\"fusion-title title fusion-title-1 fusion-sep-none fusion-title-text fusion-title-size-one\" style=\"--awb-margin-top-small:10px;--awb-margin-right-small:0px;--awb-margin-bottom-small:10px;--awb-margin-left-small:0px;\"><h1 class=\"fusion-title-heading title-heading-left\" style=\"margin:0;text-transform:uppercase;\">Poverty prostitution \u2013 when there is economic hardship behind the prostitution<\/h1><\/div><div class=\"fusion-text fusion-text-1\"><p>Die meisten Frauen in der Prostitution in Deutschland kommen aus Osteuropa. Mit der Hoffnung, sich durch Prostitution aus Armut zu befreien, kommen sie nach Deutschland.<\/p>\n<\/div><\/div><\/div><\/div><\/div><div class=\"fusion-fullwidth fullwidth-box fusion-builder-row-2 fusion-flex-container has-pattern-background has-mask-background nonhundred-percent-fullwidth non-hundred-percent-height-scrolling\" style=\"--awb-border-radius-top-left:0px;--awb-border-radius-top-right:0px;--awb-border-radius-bottom-right:0px;--awb-border-radius-bottom-left:0px;--awb-flex-wrap:wrap;\" ><div class=\"fusion-builder-row fusion-row fusion-flex-align-items-flex-start fusion-flex-content-wrap\" style=\"max-width:1378px;margin-left: calc(-6% \/ 2 );margin-right: calc(-6% \/ 2 );\"><div class=\"fusion-layout-column fusion_builder_column fusion-builder-column-2 fusion_builder_column_1_1 1_1 fusion-flex-column\" style=\"--awb-bg-size:cover;--awb-width-large:100%;--awb-margin-top-large:0px;--awb-spacing-right-large:2.82%;--awb-margin-bottom-large:20px;--awb-spacing-left-large:2.82%;--awb-width-medium:100%;--awb-order-medium:0;--awb-spacing-right-medium:2.82%;--awb-spacing-left-medium:2.82%;--awb-width-small:100%;--awb-order-small:0;--awb-spacing-right-small:2.82%;--awb-spacing-left-small:2.82%;\"><div class=\"fusion-column-wrapper fusion-column-has-shadow fusion-flex-justify-content-flex-start fusion-content-layout-column\"><div class=\"fusion-text fusion-text-2\"><p>Meistens haben sie eine fehlende Schul- und Berufsbildung und so finden sie nur eine schlechte bezahlte Arbeit in ihrem Heimatland oder sind arbeitslos. Hier erwartet sie eine bittere Realit\u00e4t.<\/p>\n<p>Sie brauchen mindestens sieben Freier am Tag, (je nachdem, wo sie arbeiten) um finanziell gerade so durchzukommen. Es gibt z.B. inakzeptable Marktgesetze, hohe Dumpingpreise, die zu extrem hohen Freierzahlen f\u00fchren. Auch sind die Frauen oft durch finanzielle Not gezwungen, Geschlechtsverkehr ohne Kondom durchzuf\u00fchren.<\/p>\n<p>Einen Gro\u00dfteil der Einnahmen senden sie an Familienmitglieder in ihrer Heimat. F\u00fcr einen Ausstieg m\u00fcssten sie Sprachbarrieren \u00fcberwinden, Ausweispapiere haben, eine Krankenversicherung und eine Wohnung finden statt im Bordellzimmer zu wohnen. Daf\u00fcr braucht es Geld und einen neuen Lebensentwurf. Beides haben die Frauen meist nicht.<\/p>\n<p>So bleiben sie in der Prostitution gefangen.<\/p>\n<p>Auch Armut in den Heimatl\u00e4ndern ist ein Zwang. Nicht nur deswegen sind die Grenzen zwischen den Begrifflichkeiten \u201eArmutsprostitution\u201c und \u201e<a href=\"https:\/\/www.perlentor-ev.org\/en\/forced-prostitution\/\" rel=\"noopener\">Zwangsprostitution<\/a>\u201c oft flie\u00dfend.<\/p>\n<\/div><\/div><\/div><\/div><\/div><\/p>\n","protected":false},"excerpt":{"rendered":"","protected":false},"author":2,"featured_media":0,"parent":0,"menu_order":0,"comment_status":"closed","ping_status":"closed","template":"100-width.php","meta":{"footnotes":""},"class_list":["post-1237","page","type-page","status-publish","hentry"],"yoast_head":"<!-- This site is optimized with the Yoast SEO plugin v27.5 - https:\/\/yoast.com\/product\/yoast-seo-wordpress\/ -->\n<title>Povertyprostitution - Perlentor e.V.<\/title>\n<meta name=\"robots\" content=\"index, follow, max-snippet:-1, max-image-preview:large, max-video-preview:-1\" \/>\n<link rel=\"canonical\" href=\"https:\/\/www.perlentor-ev.org\/en\/povertyprostitution\/\" \/>\n<meta property=\"og:locale\" content=\"en_US\" \/>\n<meta property=\"og:type\" content=\"article\" \/>\n<meta property=\"og:title\" content=\"Povertyprostitution - Perlentor e.V.\" \/>\n<meta property=\"og:url\" content=\"https:\/\/www.perlentor-ev.org\/en\/povertyprostitution\/\" \/>\n<meta property=\"og:site_name\" content=\"Perlentor e.V.\" \/>\n<meta property=\"article:modified_time\" content=\"2024-09-04T12:27:36+00:00\" \/>\n<meta name=\"twitter:card\" content=\"summary_large_image\" \/>\n<meta name=\"twitter:label1\" content=\"Est. reading time\" \/>\n\t<meta name=\"twitter:data1\" content=\"2 minutes\" \/>\n<script type=\"application\/ld+json\" class=\"yoast-schema-graph\">{\"@context\":\"https:\\\/\\\/schema.org\",\"@graph\":[{\"@type\":\"WebPage\",\"@id\":\"https:\\\/\\\/www.perlentor-ev.org\\\/en\\\/povertyprostitution\\\/\",\"url\":\"https:\\\/\\\/www.perlentor-ev.org\\\/en\\\/povertyprostitution\\\/\",\"name\":\"Povertyprostitution - Perlentor e.V.\",\"isPartOf\":{\"@id\":\"https:\\\/\\\/www.perlentor-ev.org\\\/en\\\/#website\"},\"datePublished\":\"2024-01-25T12:18:29+00:00\",\"dateModified\":\"2024-09-04T12:27:36+00:00\",\"breadcrumb\":{\"@id\":\"https:\\\/\\\/www.perlentor-ev.org\\\/en\\\/povertyprostitution\\\/#breadcrumb\"},\"inLanguage\":\"en-US\",\"potentialAction\":[{\"@type\":\"ReadAction\",\"target\":[\"https:\\\/\\\/www.perlentor-ev.org\\\/en\\\/povertyprostitution\\\/\"]}]},{\"@type\":\"BreadcrumbList\",\"@id\":\"https:\\\/\\\/www.perlentor-ev.org\\\/en\\\/povertyprostitution\\\/#breadcrumb\",\"itemListElement\":[{\"@type\":\"ListItem\",\"position\":1,\"name\":\"Startseite\",\"item\":\"https:\\\/\\\/www.perlentor-ev.org\\\/en\\\/\"},{\"@type\":\"ListItem\",\"position\":2,\"name\":\"Povertyprostitution\"}]},{\"@type\":\"WebSite\",\"@id\":\"https:\\\/\\\/www.perlentor-ev.org\\\/en\\\/#website\",\"url\":\"https:\\\/\\\/www.perlentor-ev.org\\\/en\\\/\",\"name\":\"Perlentor e.V.\",\"description\":\"\",\"potentialAction\":[{\"@type\":\"SearchAction\",\"target\":{\"@type\":\"EntryPoint\",\"urlTemplate\":\"https:\\\/\\\/www.perlentor-ev.org\\\/en\\\/?s={search_term_string}\"},\"query-input\":{\"@type\":\"PropertyValueSpecification\",\"valueRequired\":true,\"valueName\":\"search_term_string\"}}],\"inLanguage\":\"en-US\"}]}<\/script>\n<!-- \/ Yoast SEO plugin. -->","yoast_head_json":{"title":"Povertyprostitution - Perlentor e.V.","robots":{"index":"index","follow":"follow","max-snippet":"max-snippet:-1","max-image-preview":"max-image-preview:large","max-video-preview":"max-video-preview:-1"},"canonical":"https:\/\/www.perlentor-ev.org\/en\/povertyprostitution\/","og_locale":"en_US","og_type":"article","og_title":"Povertyprostitution - Perlentor e.V.","og_url":"https:\/\/www.perlentor-ev.org\/en\/povertyprostitution\/","og_site_name":"Perlentor e.V.","article_modified_time":"2024-09-04T12:27:36+00:00","twitter_card":"summary_large_image","twitter_misc":{"Est. reading time":"2 minutes"},"schema":{"@context":"https:\/\/schema.org","@graph":[{"@type":"WebPage","@id":"https:\/\/www.perlentor-ev.org\/en\/povertyprostitution\/","url":"https:\/\/www.perlentor-ev.org\/en\/povertyprostitution\/","name":"Povertyprostitution - Perlentor e.V.","isPartOf":{"@id":"https:\/\/www.perlentor-ev.org\/en\/#website"},"datePublished":"2024-01-25T12:18:29+00:00","dateModified":"2024-09-04T12:27:36+00:00","breadcrumb":{"@id":"https:\/\/www.perlentor-ev.org\/en\/povertyprostitution\/#breadcrumb"},"inLanguage":"en-US","potentialAction":[{"@type":"ReadAction","target":["https:\/\/www.perlentor-ev.org\/en\/povertyprostitution\/"]}]},{"@type":"BreadcrumbList","@id":"https:\/\/www.perlentor-ev.org\/en\/povertyprostitution\/#breadcrumb","itemListElement":[{"@type":"ListItem","position":1,"name":"Startseite","item":"https:\/\/www.perlentor-ev.org\/en\/"},{"@type":"ListItem","position":2,"name":"Povertyprostitution"}]},{"@type":"WebSite","@id":"https:\/\/www.perlentor-ev.org\/en\/#website","url":"https:\/\/www.perlentor-ev.org\/en\/","name":"Perlentor e.V.","description":"","potentialAction":[{"@type":"SearchAction","target":{"@type":"EntryPoint","urlTemplate":"https:\/\/www.perlentor-ev.org\/en\/?s={search_term_string}"},"query-input":{"@type":"PropertyValueSpecification","valueRequired":true,"valueName":"search_term_string"}}],"inLanguage":"en-US"}]}},"_links":{"self":[{"href":"https:\/\/www.perlentor-ev.org\/en\/wp-json\/wp\/v2\/pages\/1237","targetHints":{"allow":["GET"]}}],"collection":[{"href":"https:\/\/www.perlentor-ev.org\/en\/wp-json\/wp\/v2\/pages"}],"about":[{"href":"https:\/\/www.perlentor-ev.org\/en\/wp-json\/wp\/v2\/types\/page"}],"author":[{"embeddable":true,"href":"https:\/\/www.perlentor-ev.org\/en\/wp-json\/wp\/v2\/users\/2"}],"replies":[{"embeddable":true,"href":"https:\/\/www.perlentor-ev.org\/en\/wp-json\/wp\/v2\/comments?post=1237"}],"version-history":[{"count":1,"href":"https:\/\/www.perlentor-ev.org\/en\/wp-json\/wp\/v2\/pages\/1237\/revisions"}],"predecessor-version":[{"id":1238,"href":"https:\/\/www.perlentor-ev.org\/en\/wp-json\/wp\/v2\/pages\/1237\/revisions\/1238"}],"wp:attachment":[{"href":"https:\/\/www.perlentor-ev.org\/en\/wp-json\/wp\/v2\/media?parent=1237"}],"curies":[{"name":"wp","href":"https:\/\/api.w.org\/{rel}","templated":true}]}}