{"id":1220,"date":"2024-01-24T08:57:18","date_gmt":"2024-01-24T07:57:18","guid":{"rendered":"https:\/\/www.perlentor-ev.org\/?page_id=1220"},"modified":"2024-10-31T10:26:29","modified_gmt":"2024-10-31T09:26:29","slug":"telling-about-us-introducing-perlentor","status":"publish","type":"page","link":"https:\/\/www.perlentor-ev.org\/en\/telling-about-us-introducing-perlentor\/","title":{"rendered":"Telling about us &#8211; introducing Perlentor"},"content":{"rendered":"<p><div class=\"fusion-fullwidth fullwidth-box fusion-builder-row-1 fusion-flex-container has-pattern-background has-mask-background hundred-percent-fullwidth non-hundred-percent-height-scrolling\" style=\"--awb-border-radius-top-left:0px;--awb-border-radius-top-right:0px;--awb-border-radius-bottom-right:0px;--awb-border-radius-bottom-left:0px;--awb-padding-top:0px;--awb-padding-right:0px;--awb-padding-bottom:0px;--awb-padding-left:0px;--awb-background-color:var(--awb-color2);--awb-flex-wrap:wrap;\" ><div class=\"fusion-builder-row fusion-row fusion-flex-align-items-center fusion-flex-content-wrap\" style=\"width:106% !important;max-width:106% !important;margin-left: calc(-6% \/ 2 );margin-right: calc(-6% \/ 2 );\"><div class=\"fusion-layout-column fusion_builder_column fusion-builder-column-0 fusion_builder_column_3_5 3_5 fusion-flex-column\" style=\"--awb-bg-size:cover;--awb-width-large:60%;--awb-margin-top-large:0px;--awb-spacing-right-large:4.7%;--awb-margin-bottom-large:0px;--awb-spacing-left-large:4.7%;--awb-width-medium:50%;--awb-order-medium:0;--awb-spacing-right-medium:5.64%;--awb-spacing-left-medium:5.64%;--awb-width-small:100%;--awb-order-small:0;--awb-spacing-right-small:2.82%;--awb-spacing-left-small:2.82%;\" data-scroll-devices=\"small-visibility,medium-visibility,large-visibility\"><div class=\"fusion-column-wrapper fusion-column-has-shadow fusion-flex-justify-content-flex-start fusion-content-layout-column\"><div class=\"fusion-image-element \" style=\"--awb-aspect-ratio:16 \/ 9;--awb-caption-title-font-family:var(--h2_typography-font-family);--awb-caption-title-font-weight:var(--h2_typography-font-weight);--awb-caption-title-font-style:var(--h2_typography-font-style);--awb-caption-title-size:var(--h2_typography-font-size);--awb-caption-title-transform:var(--h2_typography-text-transform);--awb-caption-title-line-height:var(--h2_typography-line-height);--awb-caption-title-letter-spacing:var(--h2_typography-letter-spacing);\"><span class=\" fusion-imageframe imageframe-none imageframe-1 hover-type-none has-aspect-ratio\"><img decoding=\"async\" width=\"2560\" height=\"1707\" alt=\"Silhouette einer Frau im Sonnenuntergang\" title=\"perlentor-von-uns-erzaehlen\" src=\"https:\/\/www.perlentor-ev.org\/wp-content\/uploads\/2024\/01\/perlentor-von-uns-erzaehlen.jpg\" data-orig-src=\"https:\/\/www.perlentor-ev.org\/wp-content\/uploads\/2024\/01\/perlentor-von-uns-erzaehlen.jpg\" class=\"lazyload img-responsive wp-image-1058 img-with-aspect-ratio\" data-parent-fit=\"cover\" data-parent-container=\".fusion-image-element\" srcset=\"data:image\/svg+xml,%3Csvg%20xmlns%3D%27http%3A%2F%2Fwww.w3.org%2F2000%2Fsvg%27%20width%3D%272560%27%20height%3D%271707%27%20viewBox%3D%270%200%202560%201707%27%3E%3Crect%20width%3D%272560%27%20height%3D%271707%27%20fill-opacity%3D%220%22%2F%3E%3C%2Fsvg%3E\" data-srcset=\"https:\/\/www.perlentor-ev.org\/wp-content\/uploads\/2024\/01\/perlentor-von-uns-erzaehlen-200x133.jpg 200w, https:\/\/www.perlentor-ev.org\/wp-content\/uploads\/2024\/01\/perlentor-von-uns-erzaehlen-400x267.jpg 400w, https:\/\/www.perlentor-ev.org\/wp-content\/uploads\/2024\/01\/perlentor-von-uns-erzaehlen-600x400.jpg 600w, https:\/\/www.perlentor-ev.org\/wp-content\/uploads\/2024\/01\/perlentor-von-uns-erzaehlen-800x533.jpg 800w, https:\/\/www.perlentor-ev.org\/wp-content\/uploads\/2024\/01\/perlentor-von-uns-erzaehlen-1200x800.jpg 1200w, https:\/\/www.perlentor-ev.org\/wp-content\/uploads\/2024\/01\/perlentor-von-uns-erzaehlen.jpg 2560w\" data-sizes=\"auto\" data-orig-sizes=\"(max-width: 800px) 100vw, 800px\" \/><\/span><\/div><\/div><\/div><div class=\"fusion-layout-column fusion_builder_column fusion-builder-column-1 fusion_builder_column_2_5 2_5 fusion-flex-column\" style=\"--awb-padding-top:5%;--awb-padding-right:5%;--awb-padding-bottom:5%;--awb-padding-left:5%;--awb-bg-size:cover;--awb-width-large:40%;--awb-margin-top-large:0px;--awb-spacing-right-large:7.05%;--awb-margin-bottom-large:0px;--awb-spacing-left-large:7.05%;--awb-width-medium:50%;--awb-order-medium:0;--awb-spacing-right-medium:5.64%;--awb-spacing-left-medium:5.64%;--awb-width-small:100%;--awb-order-small:0;--awb-spacing-right-small:2.82%;--awb-spacing-left-small:2.82%;\" data-scroll-devices=\"small-visibility,medium-visibility,large-visibility\"><div class=\"fusion-column-wrapper fusion-column-has-shadow fusion-flex-justify-content-flex-start fusion-content-layout-column\"><div class=\"fusion-title title fusion-title-1 fusion-sep-none fusion-title-text fusion-title-size-one\" style=\"--awb-margin-top-small:10px;--awb-margin-right-small:0px;--awb-margin-bottom-small:10px;--awb-margin-left-small:0px;\"><h1 class=\"fusion-title-heading title-heading-left\" style=\"margin:0;text-transform:uppercase;\">Contribute!<\/h1><\/div><div class=\"fusion-text fusion-text-1\"><p><strong>Help us to lead affected women to freedom<\/strong><\/p>\n<\/div><\/div><\/div><\/div><\/div><div class=\"fusion-fullwidth fullwidth-box fusion-builder-row-2 fusion-flex-container has-pattern-background has-mask-background nonhundred-percent-fullwidth non-hundred-percent-height-scrolling\" style=\"--awb-border-radius-top-left:0px;--awb-border-radius-top-right:0px;--awb-border-radius-bottom-right:0px;--awb-border-radius-bottom-left:0px;--awb-flex-wrap:wrap;\" ><div class=\"fusion-builder-row fusion-row fusion-flex-align-items-flex-start fusion-flex-content-wrap\" style=\"max-width:1378px;margin-left: calc(-6% \/ 2 );margin-right: calc(-6% \/ 2 );\"><div class=\"fusion-layout-column fusion_builder_column fusion-builder-column-2 fusion_builder_column_1_1 1_1 fusion-flex-column\" style=\"--awb-bg-size:cover;--awb-width-large:100%;--awb-margin-top-large:0px;--awb-spacing-right-large:2.82%;--awb-margin-bottom-large:20px;--awb-spacing-left-large:2.82%;--awb-width-medium:100%;--awb-order-medium:0;--awb-spacing-right-medium:2.82%;--awb-spacing-left-medium:2.82%;--awb-width-small:100%;--awb-order-small:0;--awb-spacing-right-small:2.82%;--awb-spacing-left-small:2.82%;\"><div class=\"fusion-column-wrapper fusion-column-has-shadow fusion-flex-justify-content-flex-start fusion-content-layout-column\"><div class=\"fusion-title title fusion-title-2 fusion-sep-none fusion-title-text fusion-title-size-two\" style=\"--awb-margin-top-small:10px;--awb-margin-right-small:0px;--awb-margin-bottom-small:10px;--awb-margin-left-small:0px;\"><h2 class=\"fusion-title-heading title-heading-left\" style=\"margin:0;\">Wir stellen Perlentor bei Ihnen vor<\/h2><\/div><div class=\"fusion-text fusion-text-2\"><p>Bei Interesse kommen wir gerne in Ihre Kirche, Gemeinde, Schule, Hauskreis, Event, Themenabend, Firma, zu Ihnen nach Hause, etc. Wir erz\u00e4hlen \u00fcber unsere Arbeit, leisten <a href=\"https:\/\/www.perlentor-ev.org\/en\/educational-work\/\">Aufkl\u00e4rungsarbeit<\/a>, berichten \u00fcber die derzeitige Situation in Deutschland, die N\u00f6te der Frauen und \u00fcber die Erfolgserlebnisse der \u00dcberlebenden.<br \/>\nDenn das Thema geht uns alle an.<br \/>\nEs k\u00f6nnte auch Ihre Schwester, Freundin, Verwandte und Bekannte sein!<br \/>\nLaden Sie uns ein, wir freuen uns auf Sie.<\/p>\n<\/div><div ><a class=\"fusion-button button-flat fusion-button-default-size button-default fusion-button-default button-1 fusion-button-default-span fusion-button-default-type\" target=\"_blank\" rel=\"noopener noreferrer\" href=\"https:\/\/www.perlentor-ev.org\/wp-content\/uploads\/2024\/01\/Flyer_Perlentor_aktuelle.pdf\"><span class=\"fusion-button-text awb-button__text awb-button__text--default\">Download Flyer<\/span><\/a><\/div><\/div><\/div><\/div><\/div><\/p>\n","protected":false},"excerpt":{"rendered":"","protected":false},"author":2,"featured_media":0,"parent":0,"menu_order":0,"comment_status":"closed","ping_status":"closed","template":"100-width.php","meta":{"footnotes":""},"class_list":["post-1220","page","type-page","status-publish","hentry"],"yoast_head":"<!-- This site is optimized with the Yoast SEO plugin v27.5 - https:\/\/yoast.com\/product\/yoast-seo-wordpress\/ -->\n<title>Telling about us - introducing Perlentor - Perlentor e.V.<\/title>\n<meta name=\"robots\" content=\"index, follow, max-snippet:-1, max-image-preview:large, max-video-preview:-1\" \/>\n<link rel=\"canonical\" href=\"https:\/\/www.perlentor-ev.org\/en\/telling-about-us-introducing-perlentor\/\" \/>\n<meta property=\"og:locale\" content=\"en_US\" \/>\n<meta property=\"og:type\" content=\"article\" \/>\n<meta property=\"og:title\" content=\"Telling about us - introducing Perlentor - Perlentor e.V.\" \/>\n<meta property=\"og:url\" content=\"https:\/\/www.perlentor-ev.org\/en\/telling-about-us-introducing-perlentor\/\" \/>\n<meta property=\"og:site_name\" content=\"Perlentor e.V.\" \/>\n<meta property=\"article:modified_time\" content=\"2024-10-31T09:26:29+00:00\" \/>\n<meta name=\"twitter:card\" content=\"summary_large_image\" \/>\n<meta name=\"twitter:label1\" content=\"Est. reading time\" \/>\n\t<meta name=\"twitter:data1\" content=\"1 minute\" \/>\n<script type=\"application\/ld+json\" class=\"yoast-schema-graph\">{\"@context\":\"https:\\\/\\\/schema.org\",\"@graph\":[{\"@type\":\"WebPage\",\"@id\":\"https:\\\/\\\/www.perlentor-ev.org\\\/en\\\/telling-about-us-introducing-perlentor\\\/\",\"url\":\"https:\\\/\\\/www.perlentor-ev.org\\\/en\\\/telling-about-us-introducing-perlentor\\\/\",\"name\":\"Telling about us - introducing Perlentor - Perlentor e.V.\",\"isPartOf\":{\"@id\":\"https:\\\/\\\/www.perlentor-ev.org\\\/en\\\/#website\"},\"datePublished\":\"2024-01-24T07:57:18+00:00\",\"dateModified\":\"2024-10-31T09:26:29+00:00\",\"breadcrumb\":{\"@id\":\"https:\\\/\\\/www.perlentor-ev.org\\\/en\\\/telling-about-us-introducing-perlentor\\\/#breadcrumb\"},\"inLanguage\":\"en-US\",\"potentialAction\":[{\"@type\":\"ReadAction\",\"target\":[\"https:\\\/\\\/www.perlentor-ev.org\\\/en\\\/telling-about-us-introducing-perlentor\\\/\"]}]},{\"@type\":\"BreadcrumbList\",\"@id\":\"https:\\\/\\\/www.perlentor-ev.org\\\/en\\\/telling-about-us-introducing-perlentor\\\/#breadcrumb\",\"itemListElement\":[{\"@type\":\"ListItem\",\"position\":1,\"name\":\"Startseite\",\"item\":\"https:\\\/\\\/www.perlentor-ev.org\\\/en\\\/\"},{\"@type\":\"ListItem\",\"position\":2,\"name\":\"Telling about us &#8211; introducing Perlentor\"}]},{\"@type\":\"WebSite\",\"@id\":\"https:\\\/\\\/www.perlentor-ev.org\\\/en\\\/#website\",\"url\":\"https:\\\/\\\/www.perlentor-ev.org\\\/en\\\/\",\"name\":\"Perlentor e.V.\",\"description\":\"\",\"potentialAction\":[{\"@type\":\"SearchAction\",\"target\":{\"@type\":\"EntryPoint\",\"urlTemplate\":\"https:\\\/\\\/www.perlentor-ev.org\\\/en\\\/?s={search_term_string}\"},\"query-input\":{\"@type\":\"PropertyValueSpecification\",\"valueRequired\":true,\"valueName\":\"search_term_string\"}}],\"inLanguage\":\"en-US\"}]}<\/script>\n<!-- \/ Yoast SEO plugin. -->","yoast_head_json":{"title":"Telling about us - introducing Perlentor - Perlentor e.V.","robots":{"index":"index","follow":"follow","max-snippet":"max-snippet:-1","max-image-preview":"max-image-preview:large","max-video-preview":"max-video-preview:-1"},"canonical":"https:\/\/www.perlentor-ev.org\/en\/telling-about-us-introducing-perlentor\/","og_locale":"en_US","og_type":"article","og_title":"Telling about us - introducing Perlentor - Perlentor e.V.","og_url":"https:\/\/www.perlentor-ev.org\/en\/telling-about-us-introducing-perlentor\/","og_site_name":"Perlentor e.V.","article_modified_time":"2024-10-31T09:26:29+00:00","twitter_card":"summary_large_image","twitter_misc":{"Est. reading time":"1 minute"},"schema":{"@context":"https:\/\/schema.org","@graph":[{"@type":"WebPage","@id":"https:\/\/www.perlentor-ev.org\/en\/telling-about-us-introducing-perlentor\/","url":"https:\/\/www.perlentor-ev.org\/en\/telling-about-us-introducing-perlentor\/","name":"Telling about us - introducing Perlentor - Perlentor e.V.","isPartOf":{"@id":"https:\/\/www.perlentor-ev.org\/en\/#website"},"datePublished":"2024-01-24T07:57:18+00:00","dateModified":"2024-10-31T09:26:29+00:00","breadcrumb":{"@id":"https:\/\/www.perlentor-ev.org\/en\/telling-about-us-introducing-perlentor\/#breadcrumb"},"inLanguage":"en-US","potentialAction":[{"@type":"ReadAction","target":["https:\/\/www.perlentor-ev.org\/en\/telling-about-us-introducing-perlentor\/"]}]},{"@type":"BreadcrumbList","@id":"https:\/\/www.perlentor-ev.org\/en\/telling-about-us-introducing-perlentor\/#breadcrumb","itemListElement":[{"@type":"ListItem","position":1,"name":"Startseite","item":"https:\/\/www.perlentor-ev.org\/en\/"},{"@type":"ListItem","position":2,"name":"Telling about us &#8211; introducing Perlentor"}]},{"@type":"WebSite","@id":"https:\/\/www.perlentor-ev.org\/en\/#website","url":"https:\/\/www.perlentor-ev.org\/en\/","name":"Perlentor e.V.","description":"","potentialAction":[{"@type":"SearchAction","target":{"@type":"EntryPoint","urlTemplate":"https:\/\/www.perlentor-ev.org\/en\/?s={search_term_string}"},"query-input":{"@type":"PropertyValueSpecification","valueRequired":true,"valueName":"search_term_string"}}],"inLanguage":"en-US"}]}},"_links":{"self":[{"href":"https:\/\/www.perlentor-ev.org\/en\/wp-json\/wp\/v2\/pages\/1220","targetHints":{"allow":["GET"]}}],"collection":[{"href":"https:\/\/www.perlentor-ev.org\/en\/wp-json\/wp\/v2\/pages"}],"about":[{"href":"https:\/\/www.perlentor-ev.org\/en\/wp-json\/wp\/v2\/types\/page"}],"author":[{"embeddable":true,"href":"https:\/\/www.perlentor-ev.org\/en\/wp-json\/wp\/v2\/users\/2"}],"replies":[{"embeddable":true,"href":"https:\/\/www.perlentor-ev.org\/en\/wp-json\/wp\/v2\/comments?post=1220"}],"version-history":[{"count":3,"href":"https:\/\/www.perlentor-ev.org\/en\/wp-json\/wp\/v2\/pages\/1220\/revisions"}],"predecessor-version":[{"id":1387,"href":"https:\/\/www.perlentor-ev.org\/en\/wp-json\/wp\/v2\/pages\/1220\/revisions\/1387"}],"wp:attachment":[{"href":"https:\/\/www.perlentor-ev.org\/en\/wp-json\/wp\/v2\/media?parent=1220"}],"curies":[{"name":"wp","href":"https:\/\/api.w.org\/{rel}","templated":true}]}}